{"id":593,"date":"2018-09-23T13:08:00","date_gmt":"2018-09-23T13:08:00","guid":{"rendered":"https:\/\/www.bsquare.ch\/?page_id=593"},"modified":"2025-06-17T15:09:25","modified_gmt":"2025-06-17T15:09:25","slug":"about","status":"publish","type":"page","link":"https:\/\/www.bsquare.ch\/index.php\/about\/","title":{"rendered":"About"},"content":{"rendered":"<p>[et_pb_section fb_built=&#8221;1&#8243; _builder_version=&#8221;3.22&#8243; custom_margin=&#8221;40px|||&#8221;][et_pb_row _builder_version=&#8221;4.2.2&#8243; custom_margin=&#8221;0px|||&#8221; custom_padding=&#8221;0px|||0px|false|false&#8221; hover_enabled=&#8221;0&#8243; column_structure=&#8221;3_5,2_5&#8243; width=&#8221;100%&#8221; module_alignment=&#8221;center&#8221; width_last_edited=&#8221;on|phone&#8221; width_phone=&#8221;94%&#8221; custom_padding_last_edited=&#8221;on|desktop&#8221;][et_pb_column type=&#8221;3_5&#8243; _builder_version=&#8221;3.25&#8243; custom_padding=&#8221;|||&#8221; custom_padding__hover=&#8221;|||&#8221;][et_pb_text _builder_version=&#8221;4.2.2&#8243; hover_enabled=&#8221;0&#8243;]bSquare AG baut seit 2001 hochwertige und einzigartige IT-L\u00f6sungen f\u00fcr Unternehmen in verschiedensten Branchen. Die von Gary M. Hofer und Christian Hidber lancierte bSquare sieht sich als \u201catmendes Unternehmen\u201d: aus einem bestehenden Netzwerk von professionellen und in der Zusammenarbeit erprobten Partnern stellen wir je nach Aufgabenstellung ein tempor\u00e4res \u201eUnternehmen\u201c zusammen. Dieses stellt f\u00fcr das anzugehende Entwicklungsprojekt genau die Ressourcen und Skills bereit, welche f\u00fcr den Realisierungserfolg notwendig sind.<br \/>\n[\/et_pb_text][\/et_pb_column][et_pb_column type=&#8221;2_5&#8243; _builder_version=&#8221;3.25&#8243; custom_padding=&#8221;|||&#8221; custom_padding__hover=&#8221;|||&#8221;][\/et_pb_column][\/et_pb_row][et_pb_row _builder_version=&#8221;4.2.2&#8243; module_alignment=&#8221;center&#8221; hover_enabled=&#8221;0&#8243; column_structure=&#8221;1_2,1_2&#8243; custom_margin_last_edited=&#8221;on|phone&#8221; custom_padding_last_edited=&#8221;on|phone&#8221; custom_padding_phone=&#8221;30px||||false|false&#8221; width=&#8221;94%&#8221;][et_pb_column type=&#8221;1_2&#8243; _builder_version=&#8221;3.25&#8243; custom_padding=&#8221;|30px||&#8221; custom_padding__hover=&#8221;|||&#8221;][et_pb_text _builder_version=&#8221;3.27.4&#8243;]<img data-recalc-dims=\"1\" loading=\"lazy\" decoding=\"async\" class=\"alignnone size-full wp-image-552\" src=\"https:\/\/i0.wp.com\/www.bsquare.ch\/wp-content\/uploads\/2018\/09\/Gary-1.png?resize=200%2C255&#038;ssl=1\" alt=\"\" width=\"200\" height=\"255\" \/><\/p>\n<p><strong>Gary Hofer<\/strong><br \/>\nGary leitet \u2013 immer mit dem Blick f\u00fcrs Wesentliche \u2013 die Projekte. Dabei greift er auf die Erfahrung aus unz\u00e4hligen Realisierungsvorhaben zur\u00fcck, und nutzt seinen umfassenden Business-Background daf\u00fcr, dass von Anfang an alles rund l\u00e4uft und am Ende das Richtige herauskommt. Er arbeitete unter anderem bei XIOS Corp., Toshiba und zuletzt bei Microsoft, wo er f\u00fcr die Sparte Small &amp; Medium Enterprises verantwortlich zeichnete.<\/p>\n<p>[\/et_pb_text][\/et_pb_column][et_pb_column type=&#8221;1_2&#8243; _builder_version=&#8221;3.25&#8243; custom_padding=&#8221;|30px||&#8221; custom_padding__hover=&#8221;|||&#8221;][et_pb_text _builder_version=&#8221;4.2.2&#8243; hover_enabled=&#8221;0&#8243; custom_padding_last_edited=&#8221;on|phone&#8221; custom_padding_phone=&#8221;30px||||false|false&#8221;]<\/p>\n<p><img data-recalc-dims=\"1\" loading=\"lazy\" decoding=\"async\" class=\"alignnone size-full wp-image-551\" src=\"https:\/\/i0.wp.com\/www.bsquare.ch\/wp-content\/uploads\/2018\/09\/Christian-1.png?resize=200%2C255&#038;ssl=1\" alt=\"\" width=\"200\" height=\"255\" \/><\/p>\n<p><strong>Christian Hidber<\/strong><br \/>\nChristian \u00fcbernimmt die Parts \u201eSoftwarearchitektur\u201c und \u201eEntwicklungskonzeption\u201c. Seine Schwerpunkte liegen bei .Net, Machine Learning und Cloud-Computing, wo er gerne auch selbst Code produziert. Christian studierte Mathematik und Informatik und doktorierte an der ETH Z\u00fcrich. Er arbeitete als Postdoc am International Computer Science Institute in Berkeley, Kalifornien. Aktuell wendet er Reinforcement Learning in der Industrie auf die Simulation von hydraulischen Systemen an, im Kontext eines Produktes mit 7000+ Installation in 40+ L\u00e4ndern. Christian spricht auf internationalen Konferenzen zu Machine Learning Themen.<\/p>\n<p>[\/et_pb_text][\/et_pb_column][\/et_pb_row][et_pb_row module_class=&#8221; et_pb_row_fullwidth&#8221; _builder_version=&#8221;3.25&#8243; width=&#8221;100%&#8221; width_tablet=&#8221;100%&#8221; width_last_edited=&#8221;on|desktop&#8221; max_width=&#8221;100%&#8221; max_width_tablet=&#8221;100%&#8221; max_width_last_edited=&#8221;on|desktop&#8221; custom_padding=&#8221;40px|||&#8221; make_fullwidth=&#8221;on&#8221;][et_pb_column type=&#8221;4_4&#8243; _builder_version=&#8221;3.25&#8243; custom_padding=&#8221;|||&#8221; custom_padding__hover=&#8221;|||&#8221;][et_pb_divider divider_style=&#8221;dotted&#8221; _builder_version=&#8221;3.15&#8243;][\/et_pb_divider][\/et_pb_column][\/et_pb_row][et_pb_row _builder_version=&#8221;4.2.2&#8243; background_size=&#8221;initial&#8221; background_position=&#8221;top_left&#8221; background_repeat=&#8221;repeat&#8221; hover_enabled=&#8221;0&#8243; width=&#8221;94%&#8221;][et_pb_column type=&#8221;4_4&#8243; _builder_version=&#8221;3.25&#8243; custom_padding=&#8221;|||&#8221; custom_padding__hover=&#8221;|||&#8221;][et_pb_text _builder_version=&#8221;4.2.2&#8243; hover_enabled=&#8221;0&#8243; width_last_edited=&#8221;on|phone&#8221; width_phone=&#8221;100%&#8221;]<a href=\"https:\/\/www.linkedin.com\/in\/christian-hidber-69a7797b\/?originalSubdomain=ch\"><img data-recalc-dims=\"1\" loading=\"lazy\" decoding=\"async\" class=\"alignnone size-full wp-image-471\" src=\"https:\/\/i0.wp.com\/www.bsquare.ch\/wp-content\/uploads\/2018\/09\/linked24x24.png?resize=24%2C24&#038;ssl=1\" alt=\"\" width=\"24\" height=\"24\" \/><\/a><br \/>\n[\/et_pb_text][\/et_pb_column][\/et_pb_row][\/et_pb_section]<\/p>\n","protected":false},"excerpt":{"rendered":"<p>[et_pb_section fb_built=&#8221;1&#8243; _builder_version=&#8221;3.22&#8243; custom_margin=&#8221;40px|||&#8221;][et_pb_row _builder_version=&#8221;4.2.2&#8243; custom_margin=&#8221;0px|||&#8221; custom_padding=&#8221;0px|||0px|false|false&#8221; hover_enabled=&#8221;0&#8243; column_structure=&#8221;3_5,2_5&#8243; width=&#8221;100%&#8221; module_alignment=&#8221;center&#8221; width_last_edited=&#8221;on|phone&#8221; width_phone=&#8221;94%&#8221; custom_padding_last_edited=&#8221;on|desktop&#8221;][et_pb_column type=&#8221;3_5&#8243; _builder_version=&#8221;3.25&#8243; custom_padding=&#8221;|||&#8221; custom_padding__hover=&#8221;|||&#8221;][et_pb_text _builder_version=&#8221;4.2.2&#8243; hover_enabled=&#8221;0&#8243;]bSquare AG baut seit 2001 hochwertige und einzigartige IT-L\u00f6sungen f\u00fcr Unternehmen in verschiedensten Branchen. Die von Gary M. Hofer und Christian Hidber lancierte bSquare sieht sich als \u201catmendes Unternehmen\u201d: aus einem bestehenden Netzwerk von professionellen und [&hellip;]<\/p>\n","protected":false},"author":1,"featured_media":0,"parent":0,"menu_order":0,"comment_status":"closed","ping_status":"closed","template":"","meta":{"_et_pb_use_builder":"on","_et_pb_old_content":"","_et_gb_content_width":"","_monsterinsights_skip_tracking":false,"_monsterinsights_sitenote_active":false,"_monsterinsights_sitenote_note":"","_monsterinsights_sitenote_category":0,"footnotes":""},"class_list":["post-593","page","type-page","status-publish","hentry"],"jetpack_sharing_enabled":true,"jetpack_shortlink":"https:\/\/wp.me\/PgCzVn-9z","_links":{"self":[{"href":"https:\/\/www.bsquare.ch\/index.php\/wp-json\/wp\/v2\/pages\/593","targetHints":{"allow":["GET"]}}],"collection":[{"href":"https:\/\/www.bsquare.ch\/index.php\/wp-json\/wp\/v2\/pages"}],"about":[{"href":"https:\/\/www.bsquare.ch\/index.php\/wp-json\/wp\/v2\/types\/page"}],"author":[{"embeddable":true,"href":"https:\/\/www.bsquare.ch\/index.php\/wp-json\/wp\/v2\/users\/1"}],"replies":[{"embeddable":true,"href":"https:\/\/www.bsquare.ch\/index.php\/wp-json\/wp\/v2\/comments?post=593"}],"version-history":[{"count":23,"href":"https:\/\/www.bsquare.ch\/index.php\/wp-json\/wp\/v2\/pages\/593\/revisions"}],"predecessor-version":[{"id":691,"href":"https:\/\/www.bsquare.ch\/index.php\/wp-json\/wp\/v2\/pages\/593\/revisions\/691"}],"wp:attachment":[{"href":"https:\/\/www.bsquare.ch\/index.php\/wp-json\/wp\/v2\/media?parent=593"}],"curies":[{"name":"wp","href":"https:\/\/api.w.org\/{rel}","templated":true}]}}